{"id":468,"date":"2018-03-17T21:52:24","date_gmt":"2018-03-17T21:52:24","guid":{"rendered":"https:\/\/ne-bcc.eu\/?page_id=468"},"modified":"2024-08-17T11:36:22","modified_gmt":"2024-08-17T11:36:22","slug":"business-controlling","status":"publish","type":"page","link":"https:\/\/ne-bcc.eu\/de\/leistungen\/business-controlling\/","title":{"rendered":"Business Controlling"},"content":{"rendered":"<p><div class=\"fusion-fullwidth fullwidth-box fusion-builder-row-1 nonhundred-percent-fullwidth non-hundred-percent-height-scrolling\" style=\"--awb-border-sizes-top:0px;--awb-border-sizes-bottom:0px;--awb-border-sizes-left:0px;--awb-border-sizes-right:0px;--awb-border-radius-top-left:0px;--awb-border-radius-top-right:0px;--awb-border-radius-bottom-right:0px;--awb-border-radius-bottom-left:0px;--awb-padding-top:100px;--awb-padding-bottom:130px;--awb-background-color:#f7f7f7;--awb-flex-wrap:wrap;\" ><div class=\"fusion-builder-row fusion-row\"><div class=\"fusion-layout-column fusion_builder_column fusion-builder-column-0 fusion_builder_column_1_6 1_6 fusion-one-sixth fusion-column-first fusion-no-small-visibility\" style=\"--awb-bg-size:cover;width:13.3333%; margin-right: 4%;\"><div class=\"fusion-column-wrapper fusion-flex-column-wrapper-legacy\"><div class=\"fusion-sep-clear\"><\/div><div class=\"fusion-separator fusion-full-width-sep\" style=\"margin-left: auto;margin-right: auto;width:100%;\"><\/div><div class=\"fusion-sep-clear\"><\/div><div class=\"fusion-clearfix\"><\/div><\/div><\/div><div class=\"fusion-layout-column fusion_builder_column fusion-builder-column-1 fusion_builder_column_2_3 2_3 fusion-two-third\" style=\"--awb-bg-size:cover;width:65.3333%; margin-right: 4%;\"><div class=\"fusion-column-wrapper fusion-flex-column-wrapper-legacy\"><div class=\"fusion-text fusion-text-1\"><h2 style=\"text-align: center;\">Business Controlling<\/h2>\n<\/div><div class=\"fusion-sep-clear\"><\/div><div class=\"fusion-separator\" style=\"margin-left: auto;margin-right: auto;margin-top:0px;margin-bottom:30px;width:100%;max-width:280px;\"><div class=\"fusion-separator-border sep-single sep-solid\" style=\"--awb-height:20px;--awb-amount:20px;--awb-sep-color:#d1d1d1;border-color:#d1d1d1;border-top-width:2px;\"><\/div><\/div><div class=\"fusion-sep-clear\"><\/div><div class=\"fusion-text fusion-text-2\"><p style=\"text-align: center;\">Die NE-BCC bietet Ihnen das volle Spektrum im Bereich des unternehmerischen Controllings. Ob kurzfristig operative oder langfristig strategisch, Ihr Unternehmen wird stets mit optimalen L\u00f6sungen versorgt.<\/p>\n<\/div><div class=\"fusion-sep-clear\"><\/div><div class=\"fusion-separator fusion-full-width-sep\" style=\"margin-left: auto;margin-right: auto;margin-top:30px;width:100%;\"><\/div><div class=\"fusion-sep-clear\"><\/div><div class=\"fusion-clearfix\"><\/div><\/div><\/div><div class=\"fusion-layout-column fusion_builder_column fusion-builder-column-2 fusion_builder_column_1_6 1_6 fusion-one-sixth fusion-column-last fusion-no-small-visibility\" style=\"--awb-bg-size:cover;width:13.3333%;\"><div class=\"fusion-column-wrapper fusion-flex-column-wrapper-legacy\"><div class=\"fusion-sep-clear\"><\/div><div class=\"fusion-separator fusion-full-width-sep\" style=\"margin-left: auto;margin-right: auto;width:100%;\"><\/div><div class=\"fusion-sep-clear\"><\/div><div class=\"fusion-clearfix\"><\/div><\/div><\/div><\/div><\/div><div class=\"fusion-fullwidth fullwidth-box fusion-builder-row-2 hundred-percent-fullwidth non-hundred-percent-height-scrolling fusion-equal-height-columns\" style=\"--awb-background-position:left top;--awb-border-sizes-top:0px;--awb-border-sizes-bottom:0px;--awb-border-sizes-left:0px;--awb-border-sizes-right:0px;--awb-border-radius-top-left:0px;--awb-border-radius-top-right:0px;--awb-border-radius-bottom-right:0px;--awb-border-radius-bottom-left:0px;--awb-padding-top:0px;--awb-padding-right:0px;--awb-padding-bottom:0px;--awb-padding-left:0px;--awb-flex-wrap:wrap;\" ><div class=\"fusion-builder-row fusion-row\"><div class=\"fusion-layout-column fusion_builder_column fusion-builder-column-3 fusion_builder_column_1_2 1_2 fusion-one-half fusion-column-first\" style=\"--awb-padding-top:13%;--awb-padding-right:13%;--awb-padding-bottom:13%;--awb-padding-left:13%;--awb-bg-size:cover;--awb-margin-bottom:0px;\"><div class=\"fusion-column-wrapper fusion-flex-column-wrapper-legacy\"><div class=\"fusion-text fusion-text-3\"><h2>Operatives Controlling<\/h2>\n<\/div><div class=\"fusion-text fusion-text-4\"><p>Das Hauptaugenmerk dieser Ebene bezieht sich auf die Verbesserung der Rentabilit\u00e4t, die Sicherung der Liquidit\u00e4t sowie auch auf die Erh\u00f6hung der Produktivit\u00e4t und Wirtschaftlichkeit des Unternehmens. Diese Elemente gelten f\u00fcr alle organisatorischen Einheiten und Bereiche des Unternehmens. So entsteht die Notwendigkeit einer Teilbetrachtung durch die Separation in das sogenannte Bereichscontrolling, beginnend bei der Beschaffung gefolgt von der Produktion und Disposition \u00fcber die Logistik bis hin zum Marketing &amp; Vertrieb. Weitere Bereiche der Verwaltung werden nat\u00fcrlich ebenfalls einbezogen, wie Personal, IT und nat\u00fcrlich auch der Bereich der Finanzen.<\/p>\n<p>Die wichtigsten Aspekte hierf\u00fcr sind die Ziel- und Ma\u00dfnahmenplanung, die Ressourcenplanung und auch der Soll-Ist-Vergleich f\u00fcr eine solide Berichtserstattung. Zusammen werden wir das f\u00fcr Ihr Unternehmen passende Controllingsystem ermitteln und aufbauen.<\/p>\n<p>Ob es die &#8222;Break-Even-Analyse&#8220; betrifft oder die Aufstellung eines Finanzplans, die Analyse einer Investitionsrechnung oder die Deckungsbeitragsrechnung zur Ermittlung der kurzfristigen Preisuntergrenze oder sogar die Kennzahlenermittlung f\u00fcr die Berichterstattung, bleiben Sie ganz unbesorgt, die NE-BCC ist Ihr Spezialist f\u00fcr die Bew\u00e4ltigung all dieser Aufgaben und das ist nur der Anfang.<\/p>\n<\/div><div class=\"fusion-sep-clear\"><\/div><div class=\"fusion-separator fusion-full-width-sep\" style=\"margin-left: auto;margin-right: auto;margin-top:10px;width:100%;\"><\/div><div class=\"fusion-sep-clear\"><\/div><div class=\"fusion-clearfix\"><\/div><\/div><\/div><div class=\"fusion-layout-column fusion_builder_column fusion-builder-column-4 fusion_builder_column_1_2 1_2 fusion-one-half fusion-column-last\" style=\"--awb-bg-image:url(&#039;https:\/\/ne-bcc.eu\/wp-content\/uploads\/2018\/03\/service-section-1.jpg&#039;);--awb-bg-position:center center;--awb-bg-size:cover;--awb-margin-bottom:0px;\"><div class=\"fusion-column-wrapper fusion-flex-column-wrapper-legacy fusion-empty-column-bg-image fusion-column-has-bg-image\" data-bg-url=\"https:\/\/ne-bcc.eu\/wp-content\/uploads\/2018\/03\/service-section-1.jpg\"><img decoding=\"async\" class=\"fusion-empty-dims-img-placeholder fusion-no-large-visibility\" src=\"data:image\/svg+xml,%3Csvg%20xmlns%3D%27http%3A%2F%2Fwww.w3.org%2F2000%2Fsvg%27%20width%3D%27882%27%20height%3D%27855%27%20viewBox%3D%270%200%20882%20855%27%3E%3Crect%20width%3D%27882%27%20height%3D%27855%27%20fill-opacity%3D%220%22%2F%3E%3C%2Fsvg%3E\"><div class=\"fusion-clearfix\"><\/div><\/div><\/div><\/div><\/div><div class=\"fusion-fullwidth fullwidth-box fusion-builder-row-3 hundred-percent-fullwidth non-hundred-percent-height-scrolling fusion-equal-height-columns\" style=\"--awb-background-position:left top;--awb-border-sizes-top:0px;--awb-border-sizes-bottom:0px;--awb-border-sizes-left:0px;--awb-border-sizes-right:0px;--awb-border-radius-top-left:0px;--awb-border-radius-top-right:0px;--awb-border-radius-bottom-right:0px;--awb-border-radius-bottom-left:0px;--awb-padding-top:0px;--awb-padding-right:0px;--awb-padding-bottom:0px;--awb-padding-left:0px;--awb-flex-wrap:wrap;\" ><div class=\"fusion-builder-row fusion-row\"><div class=\"fusion-layout-column fusion_builder_column fusion-builder-column-5 fusion_builder_column_1_2 1_2 fusion-one-half fusion-column-first\" style=\"--awb-bg-image:url(&#039;https:\/\/ne-bcc.eu\/wp-content\/uploads\/2018\/03\/bg21.jpg&#039;);--awb-bg-position:right top;--awb-bg-size:cover;--awb-margin-bottom:0px;\"><div class=\"fusion-column-wrapper fusion-flex-column-wrapper-legacy fusion-empty-column-bg-image fusion-column-has-bg-image\" data-bg-url=\"https:\/\/ne-bcc.eu\/wp-content\/uploads\/2018\/03\/bg21.jpg\"><img decoding=\"async\" class=\"fusion-empty-dims-img-placeholder fusion-no-large-visibility\" src=\"data:image\/svg+xml,%3Csvg%20xmlns%3D%27http%3A%2F%2Fwww.w3.org%2F2000%2Fsvg%27%20width%3D%271920%27%20height%3D%271280%27%20viewBox%3D%270%200%201920%201280%27%3E%3Crect%20width%3D%271920%27%20height%3D%271280%27%20fill-opacity%3D%220%22%2F%3E%3C%2Fsvg%3E\"><div class=\"fusion-clearfix\"><\/div><\/div><\/div><div class=\"fusion-layout-column fusion_builder_column fusion-builder-column-6 fusion_builder_column_1_2 1_2 fusion-one-half fusion-column-last\" style=\"--awb-padding-top:13%;--awb-padding-right:13%;--awb-padding-bottom:13%;--awb-padding-left:13%;--awb-bg-position:center center;--awb-bg-size:cover;--awb-margin-bottom:0px;\"><div class=\"fusion-column-wrapper fusion-flex-column-wrapper-legacy\"><div class=\"fusion-text fusion-text-5\"><h2>Strategisches Controlling<\/h2>\n<\/div><div class=\"fusion-text fusion-text-6\"><p>Die Ausrichtung des strategischen Controllings orientiert sich nach der langfristigen Planung und Aufstellung des Unternehmens. Der zentrale Aspekt ist hier die Steigerung des Erfolgspotentials.<\/p>\n<p>Hierf\u00fcr gibt es zwei Aspekte welche Gegenst\u00e4nde von strategischen Analysen sind, die Unternehmensanalyse und die Umfeldanalyse. Diese Aspekte sind, aus der Sicht der NE-BCC, die Grundpfeiler einer wertorientierten Unternehmensf\u00fchrung welche langfristig auf die kontinuierliche Steigerung der Wertsch\u00f6pfung abzielt.<\/p>\n<p>Hierzu kommen andere Instrumente zum Einsatz wie etwa die &#8222;Balanced-Scorecard&#8220; um die strategische Zielformulierung von verschiedenen Dimensionen f\u00fcr die Unternehmensstrategie zu erm\u00f6glichen, die Konkurrenzanalyse, die SWOT-Analyse bzgl. der Ermittlung von St\u00e4rken- und Schw\u00e4chen im Hinblick auf Chancen und Risiken, die Potentialanalyse und die darausfolgenden Ma\u00dfnahmen zur Verbesserung sowie das Benchmarking und noch vieles mehr.<\/p>\n<\/div><div class=\"fusion-sep-clear\"><\/div><div class=\"fusion-separator fusion-full-width-sep\" style=\"margin-left: auto;margin-right: auto;margin-top:60px;width:100%;\"><\/div><div class=\"fusion-sep-clear\"><\/div><div class=\"fusion-clearfix\"><\/div><\/div><\/div><\/div><\/div><div class=\"fusion-fullwidth fullwidth-box fusion-builder-row-4 hundred-percent-fullwidth non-hundred-percent-height-scrolling fusion-equal-height-columns\" style=\"--awb-background-position:left top;--awb-border-sizes-top:0px;--awb-border-sizes-bottom:0px;--awb-border-sizes-left:0px;--awb-border-sizes-right:0px;--awb-border-radius-top-left:0px;--awb-border-radius-top-right:0px;--awb-border-radius-bottom-right:0px;--awb-border-radius-bottom-left:0px;--awb-padding-top:0px;--awb-padding-right:0px;--awb-padding-bottom:0px;--awb-padding-left:0px;--awb-flex-wrap:wrap;\" ><div class=\"fusion-builder-row fusion-row\"><div class=\"fusion-layout-column fusion_builder_column fusion-builder-column-7 fusion_builder_column_1_2 1_2 fusion-one-half fusion-column-first\" style=\"--awb-padding-top:13%;--awb-padding-right:13%;--awb-padding-bottom:13%;--awb-padding-left:13%;--awb-bg-size:cover;--awb-margin-bottom:0px;\"><div class=\"fusion-column-wrapper fusion-flex-column-wrapper-legacy\"><div class=\"fusion-text fusion-text-7\"><h2>Normatives Controlling<\/h2>\n<\/div><div class=\"fusion-text fusion-text-8\"><p>Ein h\u00e4ufig dem strategischen Controlling untergeordneter Aspekt des Unternehmens betrifft die eigene Grundgestaltung sowie Identit\u00e4t. Darunter sind Werte und Normen aber auch Leitbilder, Ethik und Kultur des Unternehmens zu verstehen. Durch die Entwicklung, Formulierung und Umsetzung ihrer Unternehmensphilosophie, werden Sie die passenden Leitbilder f\u00fcr Ihr Unternehmen erkennen welche die Basis f\u00fcr Kundenorientierung, Lernf\u00e4higkeit, Qualit\u00e4t und Unternehmensidentit\u00e4t bilden.<\/p>\n<p>Dieser normative Teil ist aus Sicht der NE-BCC sehr wichtig f\u00fcr die Existenz des Unternehmens, insbesondere bei neugegr\u00fcndeten Unternehmen, da alle strategisch orientierten Entscheidungen letztlich auf der Grundlage dieses Aspekts basieren.<\/p>\n<p>Die NE-BCC hilft Ihnen diesen Aspekt zu definieren bzw. neu zu erfinden oder auch zu reformieren, damit die Identit\u00e4t Ihres Unternehmens auf starke Fundamente steht und somit die Integrit\u00e4t Ihrer strategischen Entscheidungen dadurch gefestigt wird.<\/p>\n<\/div><div class=\"fusion-sep-clear\"><\/div><div class=\"fusion-separator fusion-full-width-sep\" style=\"margin-left: auto;margin-right: auto;margin-top:10px;width:100%;\"><\/div><div class=\"fusion-sep-clear\"><\/div><div class=\"fusion-clearfix\"><\/div><\/div><\/div><div class=\"fusion-layout-column fusion_builder_column fusion-builder-column-8 fusion_builder_column_1_2 1_2 fusion-one-half fusion-column-last\" style=\"--awb-bg-image:url(&#039;https:\/\/ne-bcc.eu\/wp-content\/uploads\/2017\/09\/outdoor-logo-mockup.jpg&#039;);--awb-bg-position:center center;--awb-bg-size:cover;--awb-margin-bottom:0px;\"><div class=\"fusion-column-wrapper fusion-flex-column-wrapper-legacy fusion-empty-column-bg-image fusion-column-has-bg-image\" data-bg-url=\"https:\/\/ne-bcc.eu\/wp-content\/uploads\/2017\/09\/outdoor-logo-mockup.jpg\"><img decoding=\"async\" class=\"fusion-empty-dims-img-placeholder fusion-no-large-visibility\" src=\"data:image\/svg+xml,%3Csvg%20xmlns%3D%27http%3A%2F%2Fwww.w3.org%2F2000%2Fsvg%27%20width%3D%273000%27%20height%3D%272000%27%20viewBox%3D%270%200%203000%202000%27%3E%3Crect%20width%3D%273000%27%20height%3D%272000%27%20fill-opacity%3D%220%22%2F%3E%3C%2Fsvg%3E\"><div class=\"fusion-clearfix\"><\/div><\/div><\/div><\/div><\/div><div class=\"fusion-bg-parallax\" data-bg-align=\"center center\" data-direction=\"right\" data-mute=\"false\" data-opacity=\"100\" data-velocity=\"-0.5\" data-mobile-enabled=\"false\" data-break_parents=\"0\" data-bg-image=\"https:\/\/ne-bcc.eu\/wp-content\/uploads\/revslider\/notgeneric1\/s1.jpg\" data-bg-repeat=\"false\" ><\/div><div class=\"fusion-fullwidth fullwidth-box fusion-builder-row-5 fusion-parallax-right nonhundred-percent-fullwidth non-hundred-percent-height-scrolling\" style=\"--awb-border-sizes-top:0px;--awb-border-sizes-bottom:0px;--awb-border-sizes-left:0px;--awb-border-sizes-right:0px;--awb-border-radius-top-left:0px;--awb-border-radius-top-right:0px;--awb-border-radius-bottom-right:0px;--awb-border-radius-bottom-left:0px;--awb-padding-top:150px;--awb-padding-bottom:150px;--awb-background-image:url(&quot;https:\/\/ne-bcc.eu\/wp-content\/uploads\/revslider\/notgeneric1\/s1.jpg&quot;);--awb-background-size:cover;--awb-flex-wrap:wrap;\" ><div class=\"fusion-builder-row fusion-row\"><div class=\"fusion-layout-column fusion_builder_column fusion-builder-column-9 fusion_builder_column_1_6 1_6 fusion-one-sixth fusion-column-first fusion-no-small-visibility\" style=\"--awb-bg-size:cover;width:13.3333%; margin-right: 4%;\"><div class=\"fusion-column-wrapper fusion-flex-column-wrapper-legacy\"><div class=\"fusion-clearfix\"><\/div><\/div><\/div><div class=\"fusion-layout-column fusion_builder_column fusion-builder-column-10 fusion_builder_column_2_3 2_3 fusion-two-third\" style=\"--awb-bg-size:cover;width:65.3333%; margin-right: 4%;\"><div class=\"fusion-column-wrapper fusion-flex-column-wrapper-legacy\"><div class=\"fusion-text fusion-text-9\"><h2 style=\"text-align: center; color: #fff;\">Nehmen Sie Kontakt auf<\/h2>\n<\/div><div class=\"fusion-sep-clear\"><\/div><div class=\"fusion-separator\" style=\"margin-left: auto;margin-right: auto;margin-top:0px;margin-bottom:30px;width:100%;max-width:280px;\"><div class=\"fusion-separator-border sep-single sep-solid\" style=\"--awb-height:20px;--awb-amount:20px;--awb-sep-color:#d1d1d1;border-color:#d1d1d1;border-top-width:2px;\"><\/div><\/div><div class=\"fusion-sep-clear\"><\/div><div class=\"fusion-aligncenter\"><a class=\"fusion-button button-flat button-xlarge button-default fusion-button-default button-1 fusion-button-default-span fusion-button-default-type\" target=\"_self\" title=\"Kontakt\" aria-label=\"Kontakt\" href=\"https:\/\/ne-bcc.eu\/kontakt\/\"><span class=\"fusion-button-icon-divider button-icon-divider-left\"><i class=\" fa fa-envelope-o\" aria-hidden=\"true\"><\/i><\/span><span class=\"fusion-button-text fusion-button-text-left\">KONTAKT<\/span><\/a><\/div><div class=\"fusion-clearfix\"><\/div><\/div><\/div><div class=\"fusion-layout-column fusion_builder_column fusion-builder-column-11 fusion_builder_column_1_6 1_6 fusion-one-sixth fusion-column-last fusion-no-small-visibility\" style=\"--awb-bg-size:cover;width:13.3333%;\"><div class=\"fusion-column-wrapper fusion-flex-column-wrapper-legacy\"><div class=\"fusion-clearfix\"><\/div><\/div><\/div><\/div><\/div><\/p>\n","protected":false},"excerpt":{"rendered":"","protected":false},"author":3,"featured_media":0,"parent":136,"menu_order":0,"comment_status":"closed","ping_status":"closed","template":"100-width.php","meta":{"footnotes":""},"class_list":["post-468","page","type-page","status-publish","hentry"],"_links":{"self":[{"href":"https:\/\/ne-bcc.eu\/de\/wp-json\/wp\/v2\/pages\/468"}],"collection":[{"href":"https:\/\/ne-bcc.eu\/de\/wp-json\/wp\/v2\/pages"}],"about":[{"href":"https:\/\/ne-bcc.eu\/de\/wp-json\/wp\/v2\/types\/page"}],"author":[{"embeddable":true,"href":"https:\/\/ne-bcc.eu\/de\/wp-json\/wp\/v2\/users\/3"}],"replies":[{"embeddable":true,"href":"https:\/\/ne-bcc.eu\/de\/wp-json\/wp\/v2\/comments?post=468"}],"version-history":[{"count":2,"href":"https:\/\/ne-bcc.eu\/de\/wp-json\/wp\/v2\/pages\/468\/revisions"}],"predecessor-version":[{"id":847,"href":"https:\/\/ne-bcc.eu\/de\/wp-json\/wp\/v2\/pages\/468\/revisions\/847"}],"up":[{"embeddable":true,"href":"https:\/\/ne-bcc.eu\/de\/wp-json\/wp\/v2\/pages\/136"}],"wp:attachment":[{"href":"https:\/\/ne-bcc.eu\/de\/wp-json\/wp\/v2\/media?parent=468"}],"curies":[{"name":"wp","href":"https:\/\/api.w.org\/{rel}","templated":true}]}}