{"id":264,"date":"2017-12-05T20:40:27","date_gmt":"2017-12-05T20:40:27","guid":{"rendered":"https:\/\/ne-bcc.eu\/?page_id=17"},"modified":"2024-08-18T10:03:15","modified_gmt":"2024-08-18T10:03:15","slug":"home","status":"publish","type":"page","link":"https:\/\/ne-bcc.eu\/de\/","title":{"rendered":"Home"},"content":{"rendered":"<p><div id=\"#intro\" class=\"fusion-container-anchor\"><div class=\"fusion-fullwidth fullwidth-box fusion-builder-row-1 nonhundred-percent-fullwidth non-hundred-percent-height-scrolling\" style=\"--awb-border-radius-top-left:0px;--awb-border-radius-top-right:0px;--awb-border-radius-bottom-right:0px;--awb-border-radius-bottom-left:0px;--awb-padding-top:80px;--awb-padding-bottom:60px;--awb-background-color:#ffffff;--awb-flex-wrap:wrap;\" ><div class=\"fusion-builder-row fusion-row\"><div class=\"fusion-layout-column fusion_builder_column fusion-builder-column-0 fusion_builder_column_1_1 1_1 fusion-one-full fusion-column-first fusion-column-last\" style=\"--awb-bg-size:cover;\"><div class=\"fusion-column-wrapper fusion-flex-column-wrapper-legacy\"><div class=\"fusion-text fusion-text-1\"><h3 style=\"text-align: center;\">NE &#8211; BCC<\/h3>\n<h5 style=\"text-align: center; color: #2f576f; margin-top: -20px;\">Der richtige Berater f\u00fcr Ihr Unternehmen<\/h5>\n<\/div><div class=\"fusion-clearfix\"><\/div><\/div><\/div><\/div><\/div><\/div><div class=\"fusion-fullwidth fullwidth-box fusion-builder-row-2 hundred-percent-fullwidth non-hundred-percent-height-scrolling fusion-equal-height-columns\" style=\"--awb-border-radius-top-left:0px;--awb-border-radius-top-right:0px;--awb-border-radius-bottom-right:0px;--awb-border-radius-bottom-left:0px;--awb-padding-top:10px;--awb-padding-bottom:150px;--awb-flex-wrap:wrap;\" ><div class=\"fusion-builder-row fusion-row\"><div class=\"fusion-layout-column fusion_builder_column fusion-builder-column-1 fusion_builder_column_1_2 1_2 fusion-one-half fusion-column-first\" style=\"--awb-padding-top:15%;--awb-padding-right:15%;--awb-padding-bottom:15%;--awb-padding-left:15%;--awb-bg-color:#f9f9f9;--awb-bg-color-hover:#f9f9f9;--awb-bg-size:cover;--awb-border-color:#2f576f;--awb-border-top:0;--awb-border-style:solid;width:50%;width:calc(50% - ( ( 0px ) * 0.5 ) );margin-right: 0px;\"><div class=\"fusion-column-wrapper fusion-flex-column-wrapper-legacy\"><div class=\"fusion-column-content-centered\"><div class=\"fusion-column-content\"><div class=\"fusion-text fusion-text-2\"><p>Sehr geehrte Interessentinnen,<br \/>\nsehr geehrte Interessenten,<\/p>\n<p>die <strong>NE &#8211; Business Controlling &amp; Consultancy<\/strong> ist eine unabh\u00e4ngige und eigenst\u00e4ndige Beratung welche kleine, mittelst\u00e4ndische und gro\u00dfe Unternehmen in ihren Entwicklungs-, Investitions- oder Finanzierungsvorhaben, ihren betrieblichen Problemstellungen und in komplexen finanzwirtschaftlichen Fragen erfolgreich unterst\u00fctzt und ber\u00e4t.<\/p>\n<p>Ob es sich um <strong>neu gegr\u00fcndete<\/strong> oder bereits <strong>etablierte Unternehmen<\/strong> bzw. <strong>Organisationen<\/strong> handelt, die NE-BCC ist stets bereit tatkr\u00e4ftig zu helfen. Mit kompetenter und professioneller Beratung, von der <strong>Gesch\u00e4ftsplanung<\/strong> bis hin zum <strong>operativen Tagesgesch\u00e4ft<\/strong> und zur <strong>strategischen Ausrichtung<\/strong>, helfen wir Ihnen mit den passenden L\u00f6sungen die Sie ben\u00f6tigen, damit Ihr Unternehmen bzw. Ihre Organisation erfolgreich agieren kann.<\/p>\n<\/div><div class=\"fusion-sep-clear\"><\/div><div class=\"fusion-separator fusion-full-width-sep\" style=\"margin-left: auto;margin-right: auto;margin-top:25px;width:100%;\"><\/div><div class=\"fusion-sep-clear\"><\/div><div class=\"fusion-align-block\"><a class=\"fusion-button button-flat button-xlarge button-default fusion-button-default button-1 fusion-button-span-yes fusion-button-default-type\" target=\"_self\" href=\"https:\/\/ne-bcc.eu\/uber-ne-bca\/\"><i class=\" fa fa-rocket button-icon-left\" aria-hidden=\"true\"><\/i><span class=\"fusion-button-text\">ENDECKEN SIE MEHR<\/span><\/a><\/div><\/div><\/div><div class=\"fusion-clearfix\"><\/div><\/div><\/div><div class=\"fusion-layout-column fusion_builder_column fusion-builder-column-2 fusion_builder_column_1_2 1_2 fusion-one-half fusion-column-last fusion-column-inner-bg-wrapper\" style=\"--awb-padding-top:0px;--awb-padding-right:0px;--awb-padding-bottom:0px;--awb-padding-left:0px;--awb-inner-bg-image:url(&#039;https:\/\/ne-bcc.eu\/wp-content\/uploads\/2022\/06\/12-copy.jpg&#039;);--awb-inner-bg-position:center top;--awb-inner-bg-size:cover;width:50%;width:calc(50% - ( ( 0px ) * 0.5 ) );\"><span class=\"fusion-column-inner-bg hover-type-zoomin\"><span class=\"fusion-column-anchor\"><span class=\"fusion-column-inner-bg-image\"><\/span><\/span><\/span><div class=\"fusion-column-wrapper fusion-flex-column-wrapper-legacy fusion-empty-column-bg-image fusion-column-has-bg-image\" data-bg-url=\"https:\/\/ne-bcc.eu\/wp-content\/uploads\/2022\/06\/12-copy.jpg\"><div class=\"fusion-column-content-centered\"><div class=\"fusion-column-content\"><img decoding=\"async\" class=\"fusion-empty-dims-img-placeholder fusion-no-large-visibility\" src=\"data:image\/svg+xml,%3Csvg%20xmlns%3D%27http%3A%2F%2Fwww.w3.org%2F2000%2Fsvg%27%20width%3D%271050%27%20height%3D%27700%27%20viewBox%3D%270%200%201050%20700%27%3E%3Crect%20width%3D%271050%27%20height%3D%27700%27%20fill-opacity%3D%220%22%2F%3E%3C%2Fsvg%3E\"><\/div><\/div><div class=\"fusion-clearfix\"><\/div><\/div><\/div><\/div><\/div><div class=\"fusion-fullwidth fullwidth-box fusion-builder-row-3 nonhundred-percent-fullwidth non-hundred-percent-height-scrolling\" style=\"--awb-border-radius-top-left:0px;--awb-border-radius-top-right:0px;--awb-border-radius-bottom-right:0px;--awb-border-radius-bottom-left:0px;--awb-padding-top:120px;--awb-padding-bottom:80px;--awb-background-color:#f7f7f7;--awb-flex-wrap:wrap;\" id=\"leistung\" ><div class=\"fusion-builder-row fusion-row\"><div class=\"fusion-layout-column fusion_builder_column fusion-builder-column-3 fusion_builder_column_1_1 1_1 fusion-one-full fusion-column-first fusion-column-last\" style=\"--awb-bg-size:cover;\"><div class=\"fusion-column-wrapper fusion-flex-column-wrapper-legacy\"><div class=\"fusion-text fusion-text-3\"><h3 style=\"text-align: center;\">DAS K\u00d6NNEN WIR F\u00dcR SIE TUN<\/h3>\n<h4 style=\"text-align: center;\">Unsere Leistungen im \u00dcberblick<\/h4>\n<\/div><div class=\"fusion-clearfix\"><\/div><\/div><\/div><\/div><\/div><div class=\"fusion-fullwidth fullwidth-box fusion-builder-row-4 nonhundred-percent-fullwidth non-hundred-percent-height-scrolling fusion-equal-height-columns\" style=\"--awb-border-radius-top-left:0px;--awb-border-radius-top-right:0px;--awb-border-radius-bottom-right:0px;--awb-border-radius-bottom-left:0px;--awb-padding-top:10px;--awb-padding-bottom:125px;--awb-flex-wrap:wrap;\" ><div class=\"fusion-builder-row fusion-row\"><div class=\"fusion-layout-column fusion_builder_column fusion-builder-column-4 fusion_builder_column_1_2 1_2 fusion-one-half fusion-column-first\" style=\"--awb-padding-top:15%;--awb-padding-right:15%;--awb-padding-bottom:15%;--awb-padding-left:15%;--awb-bg-color:#f9f9f9;--awb-bg-color-hover:#f9f9f9;--awb-bg-size:cover;--awb-margin-bottom:2%;width:50%;width:calc(50% - ( ( 2% ) * 0.5 ) );margin-right: 2%;\"><div class=\"fusion-column-wrapper fusion-flex-column-wrapper-legacy\"><div class=\"fusion-image-element fusion-image-align-center in-legacy-container\" style=\"text-align:center;--awb-liftup-border-radius:0px;--awb-caption-title-font-family:var(--h2_typography-font-family);--awb-caption-title-font-weight:var(--h2_typography-font-weight);--awb-caption-title-font-style:var(--h2_typography-font-style);--awb-caption-title-size:var(--h2_typography-font-size);--awb-caption-title-transform:var(--h2_typography-text-transform);--awb-caption-title-line-height:var(--h2_typography-line-height);--awb-caption-title-letter-spacing:var(--h2_typography-letter-spacing);\"><div class=\"imageframe-align-center\"><div class=\"awb-image-frame awb-image-frame-1 imageframe-liftup\"><span class=\" fusion-imageframe imageframe-none imageframe-1\"><a href=\"https:\/\/ne-bcc.eu\/wp-content\/uploads\/2018\/03\/service-3.jpg\" class=\"fusion-lightbox\" data-rel=\"iLightbox[feature]\" data-title=\"service-3\" title=\"service-3\"><img decoding=\"async\" width=\"800\" height=\"530\" src=\"https:\/\/ne-bcc.eu\/wp-content\/uploads\/2018\/03\/service-3.jpg\" alt class=\"img-responsive wp-image-444\" srcset=\"https:\/\/ne-bcc.eu\/wp-content\/uploads\/2018\/03\/service-3-200x133.jpg 200w, https:\/\/ne-bcc.eu\/wp-content\/uploads\/2018\/03\/service-3-400x265.jpg 400w, https:\/\/ne-bcc.eu\/wp-content\/uploads\/2018\/03\/service-3-600x398.jpg 600w, https:\/\/ne-bcc.eu\/wp-content\/uploads\/2018\/03\/service-3.jpg 800w\" sizes=\"(max-width: 800px) 100vw, 600px\" \/><\/a><\/span><\/div><\/div><\/div><div class=\"fusion-text fusion-text-4\"><h4><span style=\"font-size: 25px; color: #005687;\"><strong>Business Controlling<\/strong><\/span><\/h4>\n<\/div><div class=\"fusion-sep-clear\"><\/div><div class=\"fusion-separator fusion-full-width-sep\" style=\"margin-left: auto;margin-right: auto;margin-top:10px;width:100%;\"><\/div><div class=\"fusion-sep-clear\"><\/div><div class=\"fusion-text fusion-text-5\"><p>Die NE-BCC bietet Ihnen das volle Spektrum im Bereich des unternehmerischen Controllings. Ob kurzfristig operative oder langfristig strategisch wird Ihr Unternehmen stets mit L\u00f6sungen versorgt.<\/p>\n<\/div><div class=\"fusion-sep-clear\"><\/div><div class=\"fusion-separator fusion-full-width-sep\" style=\"margin-left: auto;margin-right: auto;margin-top:15px;width:100%;\"><\/div><div class=\"fusion-sep-clear\"><\/div><div class=\"fusion-alignleft\"><a class=\"fusion-button button-flat fusion-button-default-size button-default fusion-button-default button-2 fusion-button-default-span fusion-button-default-type\" target=\"_self\" href=\"https:\/\/ne-bcc.eu\/leistungen\/business-controlling\/\"><span class=\"fusion-button-text\">ERFAHREN SIE MEHR<\/span><\/a><\/div><div class=\"fusion-clearfix\"><\/div><\/div><\/div><div class=\"fusion-layout-column fusion_builder_column fusion-builder-column-5 fusion_builder_column_1_2 1_2 fusion-one-half fusion-column-last\" style=\"--awb-padding-top:15%;--awb-padding-right:15%;--awb-padding-bottom:15%;--awb-padding-left:15%;--awb-bg-color:#f9f9f9;--awb-bg-color-hover:#f9f9f9;--awb-bg-size:cover;--awb-margin-bottom:2%;width:50%;width:calc(50% - ( ( 2% ) * 0.5 ) );\"><div class=\"fusion-column-wrapper fusion-flex-column-wrapper-legacy\"><div class=\"fusion-image-element fusion-image-align-center in-legacy-container\" style=\"text-align:center;--awb-liftup-border-radius:0px;--awb-caption-title-font-family:var(--h2_typography-font-family);--awb-caption-title-font-weight:var(--h2_typography-font-weight);--awb-caption-title-font-style:var(--h2_typography-font-style);--awb-caption-title-size:var(--h2_typography-font-size);--awb-caption-title-transform:var(--h2_typography-text-transform);--awb-caption-title-line-height:var(--h2_typography-line-height);--awb-caption-title-letter-spacing:var(--h2_typography-letter-spacing);\"><div class=\"imageframe-align-center\"><div class=\"awb-image-frame awb-image-frame-2 imageframe-liftup\"><span class=\" fusion-imageframe imageframe-none imageframe-2\"><a href=\"https:\/\/ne-bcc.eu\/wp-content\/uploads\/2018\/03\/service-2.jpg\" class=\"fusion-lightbox\" data-rel=\"iLightbox[feature]\" data-title=\"service-2\" title=\"service-2\"><img decoding=\"async\" width=\"800\" height=\"530\" src=\"https:\/\/ne-bcc.eu\/wp-content\/uploads\/2018\/03\/service-2.jpg\" alt class=\"img-responsive wp-image-446\" srcset=\"https:\/\/ne-bcc.eu\/wp-content\/uploads\/2018\/03\/service-2-200x133.jpg 200w, https:\/\/ne-bcc.eu\/wp-content\/uploads\/2018\/03\/service-2-400x265.jpg 400w, https:\/\/ne-bcc.eu\/wp-content\/uploads\/2018\/03\/service-2-600x398.jpg 600w, https:\/\/ne-bcc.eu\/wp-content\/uploads\/2018\/03\/service-2.jpg 800w\" sizes=\"(max-width: 800px) 100vw, 600px\" \/><\/a><\/span><\/div><\/div><\/div><div class=\"fusion-text fusion-text-6\"><h4><span style=\"font-size: 25px; color: #005687;\"><strong>Projekte &amp; Prozesse<\/strong><\/span><\/h4>\n<\/div><div class=\"fusion-sep-clear\"><\/div><div class=\"fusion-separator fusion-full-width-sep\" style=\"margin-left: auto;margin-right: auto;margin-top:10px;width:100%;\"><\/div><div class=\"fusion-sep-clear\"><\/div><div class=\"fusion-text fusion-text-7\"><p>Die NE-BCC \u00fcbernimmt auch zeitlich befristete Auftr\u00e4ge und Projekte f\u00fcr Sie. Durch professionelles und zielgerichtetes Engagement wird die Projektleitung oder -begleitung bzw.<\/p>\n<\/div><div class=\"fusion-sep-clear\"><\/div><div class=\"fusion-separator fusion-full-width-sep\" style=\"margin-left: auto;margin-right: auto;margin-top:15px;width:100%;\"><\/div><div class=\"fusion-sep-clear\"><\/div><div class=\"fusion-alignleft\"><a class=\"fusion-button button-flat fusion-button-default-size button-default fusion-button-default button-3 fusion-button-default-span fusion-button-default-type\" target=\"_self\" href=\"https:\/\/ne-bcc.eu\/leistungen\/projekte-prozesse\/\"><span class=\"fusion-button-text\">ERFAHREN SIE MEHR<\/span><\/a><\/div><div class=\"fusion-clearfix\"><\/div><\/div><\/div><div class=\"fusion-layout-column fusion_builder_column fusion-builder-column-6 fusion_builder_column_1_2 1_2 fusion-one-half fusion-column-first\" style=\"--awb-padding-top:15%;--awb-padding-right:15%;--awb-padding-bottom:15%;--awb-padding-left:15%;--awb-bg-color:#f9f9f9;--awb-bg-color-hover:#f9f9f9;--awb-bg-size:cover;--awb-margin-bottom:2%;width:50%;width:calc(50% - ( ( 2% ) * 0.5 ) );margin-right: 2%;\"><div class=\"fusion-column-wrapper fusion-flex-column-wrapper-legacy\"><div class=\"fusion-image-element fusion-image-align-center in-legacy-container\" style=\"text-align:center;--awb-liftup-border-radius:0px;--awb-caption-title-font-family:var(--h2_typography-font-family);--awb-caption-title-font-weight:var(--h2_typography-font-weight);--awb-caption-title-font-style:var(--h2_typography-font-style);--awb-caption-title-size:var(--h2_typography-font-size);--awb-caption-title-transform:var(--h2_typography-text-transform);--awb-caption-title-line-height:var(--h2_typography-line-height);--awb-caption-title-letter-spacing:var(--h2_typography-letter-spacing);\"><div class=\"imageframe-align-center\"><div class=\"awb-image-frame awb-image-frame-3 imageframe-liftup\"><span class=\" fusion-imageframe imageframe-none imageframe-3\"><a href=\"https:\/\/ne-bcc.eu\/wp-content\/uploads\/2018\/03\/service-4.jpg\" class=\"fusion-lightbox\" data-rel=\"iLightbox[feature]\" data-title=\"service-4\" title=\"service-4\"><img decoding=\"async\" width=\"800\" height=\"530\" src=\"https:\/\/ne-bcc.eu\/wp-content\/uploads\/2018\/03\/service-4.jpg\" alt class=\"img-responsive wp-image-447\" srcset=\"https:\/\/ne-bcc.eu\/wp-content\/uploads\/2018\/03\/service-4-200x133.jpg 200w, https:\/\/ne-bcc.eu\/wp-content\/uploads\/2018\/03\/service-4-400x265.jpg 400w, https:\/\/ne-bcc.eu\/wp-content\/uploads\/2018\/03\/service-4-600x398.jpg 600w, https:\/\/ne-bcc.eu\/wp-content\/uploads\/2018\/03\/service-4.jpg 800w\" sizes=\"(max-width: 800px) 100vw, 600px\" \/><\/a><\/span><\/div><\/div><\/div><div class=\"fusion-text fusion-text-8\"><h4><span style=\"font-size: 25px; color: #005687;\"><strong>Unternehmens- &amp; Managementberatung<\/strong><\/span><\/h4>\n<\/div><div class=\"fusion-sep-clear\"><\/div><div class=\"fusion-separator fusion-full-width-sep\" style=\"margin-left: auto;margin-right: auto;margin-top:10px;width:100%;\"><\/div><div class=\"fusion-sep-clear\"><\/div><div class=\"fusion-text fusion-text-9\"><p>Die NE-BCC bietet Ihnen eine solide und unabh\u00e4ngige Beratung durch die Anwendung professioneller Analysemethoden. Auf Basies der Unternehmensanalyse erhalten Sie von der NE-BCC eine umfassende und&#8230;<\/p>\n<\/div><div class=\"fusion-sep-clear\"><\/div><div class=\"fusion-separator fusion-full-width-sep\" style=\"margin-left: auto;margin-right: auto;margin-top:15px;width:100%;\"><\/div><div class=\"fusion-sep-clear\"><\/div><div class=\"fusion-alignleft\"><a class=\"fusion-button button-flat fusion-button-default-size button-default fusion-button-default button-4 fusion-button-default-span fusion-button-default-type\" target=\"_self\" href=\"https:\/\/ne-bcc.eu\/leistungen\/management-unternehmensberatung\/\"><span class=\"fusion-button-text\">ERFAHREN SIE MEHR<\/span><\/a><\/div><div class=\"fusion-clearfix\"><\/div><\/div><\/div><div class=\"fusion-layout-column fusion_builder_column fusion-builder-column-7 fusion_builder_column_1_2 1_2 fusion-one-half fusion-column-last\" style=\"--awb-padding-top:15%;--awb-padding-right:15%;--awb-padding-bottom:15%;--awb-padding-left:15%;--awb-bg-color:#f9f9f9;--awb-bg-color-hover:#f9f9f9;--awb-bg-size:cover;--awb-margin-bottom:2%;width:50%;width:calc(50% - ( ( 2% ) * 0.5 ) );\"><div class=\"fusion-column-wrapper fusion-flex-column-wrapper-legacy\"><div class=\"fusion-image-element fusion-image-align-center in-legacy-container\" style=\"text-align:center;--awb-liftup-border-radius:0px;--awb-caption-title-font-family:var(--h2_typography-font-family);--awb-caption-title-font-weight:var(--h2_typography-font-weight);--awb-caption-title-font-style:var(--h2_typography-font-style);--awb-caption-title-size:var(--h2_typography-font-size);--awb-caption-title-transform:var(--h2_typography-text-transform);--awb-caption-title-line-height:var(--h2_typography-line-height);--awb-caption-title-letter-spacing:var(--h2_typography-letter-spacing);\"><div class=\"imageframe-align-center\"><div class=\"awb-image-frame awb-image-frame-4 imageframe-liftup\"><span class=\" fusion-imageframe imageframe-none imageframe-4\"><a href=\"https:\/\/ne-bcc.eu\/wp-content\/uploads\/2017\/12\/promote_feature_8.jpg\" class=\"fusion-lightbox\" data-rel=\"iLightbox[feature]\" data-title=\"promote_feature_8\" title=\"promote_feature_8\"><img decoding=\"async\" width=\"800\" height=\"530\" src=\"https:\/\/ne-bcc.eu\/wp-content\/uploads\/2017\/12\/promote_feature_8.jpg\" alt class=\"img-responsive wp-image-263\"\/><\/a><\/span><\/div><\/div><\/div><div class=\"fusion-text fusion-text-10\"><h4><span style=\"font-size: 25px; color: #005687;\"><strong>Online-Services<\/strong><\/span><\/h4>\n<\/div><div class=\"fusion-sep-clear\"><\/div><div class=\"fusion-separator fusion-full-width-sep\" style=\"margin-left: auto;margin-right: auto;margin-top:10px;width:100%;\"><\/div><div class=\"fusion-sep-clear\"><\/div><div class=\"fusion-text fusion-text-11\"><p>\u00dcber einen Kooperationspartner der NE-BCC, werden ideale L\u00f6sungen f\u00fcr Ihre Onlinepr\u00e4senz herausgearbeitet und eingesetzt. Dienste wie Webdesign &amp; Development, Online Marketing, und Online Shop \/ E-commerce.<\/p>\n<\/div><div class=\"fusion-sep-clear\"><\/div><div class=\"fusion-separator fusion-full-width-sep\" style=\"margin-left: auto;margin-right: auto;margin-top:15px;width:100%;\"><\/div><div class=\"fusion-sep-clear\"><\/div><div class=\"fusion-alignleft\"><a class=\"fusion-button button-flat fusion-button-default-size button-default fusion-button-default button-5 fusion-button-default-span fusion-button-default-type\" target=\"_self\" href=\"https:\/\/ne-bcc.eu\/leistungen\/online-services\/\"><span class=\"fusion-button-text\">ERFAHREN SIE MEHR<\/span><\/a><\/div><div class=\"fusion-clearfix\"><\/div><\/div><\/div><\/div><\/div><div class=\"fusion-fullwidth fullwidth-box fusion-builder-row-5 nonhundred-percent-fullwidth non-hundred-percent-height-scrolling\" style=\"--awb-border-radius-top-left:0px;--awb-border-radius-top-right:0px;--awb-border-radius-bottom-right:0px;--awb-border-radius-bottom-left:0px;--awb-padding-top:-100px;--awb-flex-wrap:wrap;\" ><div class=\"fusion-builder-row fusion-row\"><div class=\"fusion-layout-column fusion_builder_column fusion-builder-column-8 fusion_builder_column_1_1 1_1 fusion-one-full fusion-column-first fusion-column-last\" style=\"--awb-padding-top:-100PX;--awb-bg-size:cover;\"><div class=\"fusion-column-wrapper fusion-flex-column-wrapper-legacy\"><div class=\"fusion-aligncenter\"><a class=\"fusion-button button-flat button-xlarge button-default fusion-button-default button-6 fusion-button-default-span fusion-button-default-type\" target=\"_self\" href=\"https:\/\/ne-bcc.eu\/leistungen\/\"><span class=\"fusion-button-text fusion-button-text-right\">ALLE LEISTUNGSANGEBOTE<\/span><span class=\"fusion-button-icon-divider button-icon-divider-right\"><i class=\" fa fa-paper-plane\" aria-hidden=\"true\"><\/i><\/span><\/a><\/div><div class=\"fusion-sep-clear\"><\/div><div class=\"fusion-separator fusion-full-width-sep\" style=\"margin-left: auto;margin-right: auto;margin-bottom:100px;width:100%;\"><\/div><div class=\"fusion-sep-clear\"><\/div><div class=\"fusion-clearfix\"><\/div><\/div><\/div><\/div><\/div><div class=\"fusion-fullwidth fullwidth-box fusion-builder-row-6 fusion-parallax-none nonhundred-percent-fullwidth non-hundred-percent-height-scrolling\" style=\"--awb-border-radius-top-left:0px;--awb-border-radius-top-right:0px;--awb-border-radius-bottom-right:0px;--awb-border-radius-bottom-left:0px;--awb-padding-top:7%;--awb-padding-bottom:7%;--awb-background-image:url(&quot;https:\/\/ne-bcc.eu\/wp-content\/uploads\/2017\/12\/promote_bkgd_4.jpg&quot;);--awb-background-size:cover;--awb-flex-wrap:wrap;\" ><div class=\"fusion-builder-row fusion-row\"><div class=\"fusion-layout-column fusion_builder_column fusion-builder-column-9 fusion_builder_column_1_1 1_1 fusion-one-full fusion-column-first fusion-column-last\" style=\"--awb-padding-top:25%;--awb-bg-size:cover;\"><div class=\"fusion-column-wrapper fusion-flex-column-wrapper-legacy\"><div class=\"fusion-text fusion-text-12\"><h2 style=\"text-align: center;\"><span style=\"color: #ffffff;\">Die NE-BCC begleitet Sie auf dem Weg zum Erfolg<\/span><\/h2>\n<\/div><div class=\"fusion-clearfix\"><\/div><\/div><\/div><\/div><\/div><\/p>\n","protected":false},"excerpt":{"rendered":"","protected":false},"author":3,"featured_media":0,"parent":0,"menu_order":0,"comment_status":"closed","ping_status":"closed","template":"100-width.php","meta":{"footnotes":""},"class_list":["post-264","page","type-page","status-publish","hentry"],"_links":{"self":[{"href":"https:\/\/ne-bcc.eu\/de\/wp-json\/wp\/v2\/pages\/264"}],"collection":[{"href":"https:\/\/ne-bcc.eu\/de\/wp-json\/wp\/v2\/pages"}],"about":[{"href":"https:\/\/ne-bcc.eu\/de\/wp-json\/wp\/v2\/types\/page"}],"author":[{"embeddable":true,"href":"https:\/\/ne-bcc.eu\/de\/wp-json\/wp\/v2\/users\/3"}],"replies":[{"embeddable":true,"href":"https:\/\/ne-bcc.eu\/de\/wp-json\/wp\/v2\/comments?post=264"}],"version-history":[{"count":2,"href":"https:\/\/ne-bcc.eu\/de\/wp-json\/wp\/v2\/pages\/264\/revisions"}],"predecessor-version":[{"id":858,"href":"https:\/\/ne-bcc.eu\/de\/wp-json\/wp\/v2\/pages\/264\/revisions\/858"}],"wp:attachment":[{"href":"https:\/\/ne-bcc.eu\/de\/wp-json\/wp\/v2\/media?parent=264"}],"curies":[{"name":"wp","href":"https:\/\/api.w.org\/{rel}","templated":true}]}}